{"id":6055,"date":"2019-06-07T21:22:49","date_gmt":"2019-06-08T00:22:49","guid":{"rendered":"http:\/\/republicanos10mg.org.br\/site\/?page_id=6055"},"modified":"2024-11-01T15:15:12","modified_gmt":"2024-11-01T18:15:12","slug":"prefeitos","status":"publish","type":"page","link":"https:\/\/republicanos10mg.org.br\/site\/prefeitos\/","title":{"rendered":"PREFEITOS"},"content":{"rendered":"\n<table id=\"tablepress-28\" class=\"tablepress tablepress-id-28\">\n<thead>\n<tr class=\"row-1\">\n\t<th class=\"column-1\">MUNIC\u00cdPIO<\/th><th class=\"column-2\">REGI\u00c3O<\/th><th class=\"column-3\">PREFEITO(A)<\/th><th class=\"column-4\">CONTATO PREFEITURA<\/th>\n<\/tr>\n<\/thead>\n<tbody class=\"row-striping row-hover\">\n<tr class=\"row-2\">\n\t<td class=\"column-1\">A\u00c7UCENA<\/td><td class=\"column-2\">VALE DO RIO DOCE<\/td><td class=\"column-3\">RAULISSON MORAIS - NEM DO DUTA<\/td><td class=\"column-4\">(32) 3298-1520<\/td>\n<\/tr>\n<tr class=\"row-3\">\n\t<td class=\"column-1\">ALTO JEQUITIB\u00c1<\/td><td class=\"column-2\">ZONA DA MATA<\/td><td class=\"column-3\">DANIEL GUIMAR\u00c3ES<\/td><td class=\"column-4\">(33) 3343-1268<\/td>\n<\/tr>\n<tr class=\"row-4\">\n\t<td class=\"column-1\">ARAGUARI<\/td><td class=\"column-2\">TRI\u00c2NGULO E ALTO PARANA\u00cdBA<\/td><td class=\"column-3\">RENATO CARVALHO FERNANDES<\/td><td class=\"column-4\">(34) 3690-3254<\/td>\n<\/tr>\n<tr class=\"row-5\">\n\t<td class=\"column-1\">ARAPONGA<\/td><td class=\"column-2\">ZONA DA MATA<\/td><td class=\"column-3\">CARLOS ASSUN\u00c7\u00c3O GOMES<\/td><td class=\"column-4\">(31) 3894-1100<\/td>\n<\/tr>\n<tr class=\"row-6\">\n\t<td class=\"column-1\">ARCOS<\/td><td class=\"column-2\">SUL \/ SUDOESTE<\/td><td class=\"column-3\">WELLINGTON ROQUE<\/td><td class=\"column-4\">(31) 3359-7900<\/td>\n<\/tr>\n<tr class=\"row-7\">\n\t<td class=\"column-1\">ARGIRITA<\/td><td class=\"column-2\">ZONA DA MATA<\/td><td class=\"column-3\">VICTOR SIMAS<\/td><td class=\"column-4\">(32) 3345-1288<\/td>\n<\/tr>\n<tr class=\"row-8\">\n\t<td class=\"column-1\">ARICANDUVA<\/td><td class=\"column-2\">NORTE \/ JEQUITINHONHA<\/td><td class=\"column-3\">VALDEIR COIMBRA<\/td><td class=\"column-4\"> (33) 3515-9105<\/td>\n<\/tr>\n<tr class=\"row-9\">\n\t<td class=\"column-1\">BAEPENDI<\/td><td class=\"column-2\">SUL \/ SUDOESTE<\/td><td class=\"column-3\">MARCELO DO ENGENHO<\/td><td class=\"column-4\">(35) 3343-2375<\/td>\n<\/tr>\n<tr class=\"row-10\">\n\t<td class=\"column-1\">BANDEIRA<\/td><td class=\"column-2\">NORTE \/JEQUITINHONHA<\/td><td class=\"column-3\">SIDNEY ALVES DOS SANTOS<\/td><td class=\"column-4\">(33) 3728-1224<\/td>\n<\/tr>\n<tr class=\"row-11\">\n\t<td class=\"column-1\">BIAS FORTES<\/td><td class=\"column-2\">ZONA DA MATA<\/td><td class=\"column-3\">PAULO ALMEIDA - PAULINHO DA V\u00c1RZEA<\/td><td class=\"column-4\">(32) 3344-1323<\/td>\n<\/tr>\n<tr class=\"row-12\">\n\t<td class=\"column-1\">BOM REPOUSO<\/td><td class=\"column-2\">SUL \/ SUDOESTE<\/td><td class=\"column-3\">EDMILSON ANDRADE<\/td><td class=\"column-4\">(35) 3461-1224<\/td>\n<\/tr>\n<tr class=\"row-13\">\n\t<td class=\"column-1\">CACHOEIRA DA PRATA<\/td><td class=\"column-2\">CENTRAL \/ OESTE \/ METROPOLITANA<\/td><td class=\"column-3\">CL\u00c9CIO GON\u00c7ALVES DA SILVA<\/td><td class=\"column-4\">(31) 3716 \u2013 1392<\/td>\n<\/tr>\n<tr class=\"row-14\">\n\t<td class=\"column-1\">CAMBUQUIRA<\/td><td class=\"column-2\">SUL \/ SUDOESTE<\/td><td class=\"column-3\">CIMARA ARCI SALGADO<\/td><td class=\"column-4\">(35) 3467-0315<\/td>\n<\/tr>\n<tr class=\"row-15\">\n\t<td class=\"column-1\">CAMPAN\u00c1RIO<\/td><td class=\"column-2\">VALE DO RIO DOCE<\/td><td class=\"column-3\">FAUSTO DUARTE<\/td><td class=\"column-4\">(33) 3513-1200<\/td>\n<\/tr>\n<tr class=\"row-16\">\n\t<td class=\"column-1\">CAPELA NOVA<\/td><td class=\"column-2\">ZONA DA MATA<\/td><td class=\"column-3\">CHARLES MOREIRA<\/td><td class=\"column-4\">(31) 3727-1110<\/td>\n<\/tr>\n<tr class=\"row-17\">\n\t<td class=\"column-1\">CARNEIRINHO<\/td><td class=\"column-2\">TRI\u00c2NGULO E ALTO PARANA\u00cdBA<\/td><td class=\"column-3\">WILLIAN MARTINS MAIA<\/td><td class=\"column-4\">(34) 3454-0200<\/td>\n<\/tr>\n<tr class=\"row-18\">\n\t<td class=\"column-1\">COIMBRA<\/td><td class=\"column-2\">ZONA DA MATA<\/td><td class=\"column-3\">MAUR\u00cdLIO DIAS<\/td><td class=\"column-4\">(32) 3555-1152<\/td>\n<\/tr>\n<tr class=\"row-19\">\n\t<td class=\"column-1\">CONCEI\u00c7\u00c3O DO PAR\u00c1<\/td><td class=\"column-2\">CENRAL \/ OESTE \/ METROPOLITANA<\/td><td class=\"column-3\">WESLEY MOREIRA - PITT<\/td><td class=\"column-4\">(37) 3276-1110<\/td>\n<\/tr>\n<tr class=\"row-20\">\n\t<td class=\"column-1\">CONGONHAL<\/td><td class=\"column-2\">SUL \/ SUDOESTE<\/td><td class=\"column-3\">RUBENS VILELA J\u00daNIOR<\/td><td class=\"column-4\">(35) 3424-1950<\/td>\n<\/tr>\n<tr class=\"row-21\">\n\t<td class=\"column-1\">COROACI<\/td><td class=\"column-2\">VALE DO RIO DOCE<\/td><td class=\"column-3\">RONEY ALVES BRITO<\/td><td class=\"column-4\">(33) 3291-1592<\/td>\n<\/tr>\n<tr class=\"row-22\">\n\t<td class=\"column-1\">CUPARAQUE<\/td><td class=\"column-2\">VALE DO RIO DOCE<\/td><td class=\"column-3\">ROG\u00c9RIO VICENTE MENDES<\/td><td class=\"column-4\">(33) 3262-5131\/5108<\/td>\n<\/tr>\n<tr class=\"row-23\">\n\t<td class=\"column-1\">FRUTAL<\/td><td class=\"column-2\">TRI\u00c2NGULO E ALTO PARANA\u00cdBA<\/td><td class=\"column-3\">BRUNO AUGUSTO FERREIRA<\/td><td class=\"column-4\">(32) 3551-8150<\/td>\n<\/tr>\n<tr class=\"row-24\">\n\t<td class=\"column-1\">GONZAGA<\/td><td class=\"column-2\">VALE DO RIO DOCE<\/td><td class=\"column-3\">EFIG\u00caNIA MAGALH\u00c3ES<\/td><td class=\"column-4\">(33) 3415-1275<\/td>\n<\/tr>\n<tr class=\"row-25\">\n\t<td class=\"column-1\">GUANH\u00c3ES<\/td><td class=\"column-2\">VALE DO RIO DOCE<\/td><td class=\"column-3\">EVANDRO LOTT<\/td><td class=\"column-4\">(33) 3421-1501<\/td>\n<\/tr>\n<tr class=\"row-26\">\n\t<td class=\"column-1\">GUARANI<\/td><td class=\"column-2\">ZONA DA MATA<\/td><td class=\"column-3\">EMERSON PATRICK<\/td><td class=\"column-4\">(32) 3575-1622<\/td>\n<\/tr>\n<tr class=\"row-27\">\n\t<td class=\"column-1\">IBIRIT\u00c9<\/td><td class=\"column-2\">CENTRAL \/ OESTE \/ METROPOLITANA<\/td><td class=\"column-3\">DINIS PINHEIRO<\/td><td class=\"column-4\"> (31) 3079-6000<\/td>\n<\/tr>\n<tr class=\"row-28\">\n\t<td class=\"column-1\">INCONFIDENTES<\/td><td class=\"column-2\">SUL \/ SUDOESTE<\/td><td class=\"column-3\">CLAUDINEI TUNES TESTA<\/td><td class=\"column-4\">(35) 3464-1015<\/td>\n<\/tr>\n<tr class=\"row-29\">\n\t<td class=\"column-1\">INHA\u00daMA<\/td><td class=\"column-2\">CENTRAL \/ OESTE \/ METROPOLITANA<\/td><td class=\"column-3\">MAX OLIVEIRA -  ZULA<\/td><td class=\"column-4\"> (31) 3716-4201<\/td>\n<\/tr>\n<tr class=\"row-30\">\n\t<td class=\"column-1\">IPABA<\/td><td class=\"column-2\">VALE DO RIO DOCE<\/td><td class=\"column-3\">GILBERTO PEREIRA SOARES - JUNINHO DA SA\u00daDE<\/td><td class=\"column-4\">(31) 99476-9474<\/td>\n<\/tr>\n<tr class=\"row-31\">\n\t<td class=\"column-1\">IRA\u00cd DE MINAS<\/td><td class=\"column-2\">TRI\u00c2NGULO E ALTO PARANA\u00cdBA<\/td><td class=\"column-3\">CLEITON GOMES<\/td><td class=\"column-4\">(34) 3845-1417<\/td>\n<\/tr>\n<tr class=\"row-32\">\n\t<td class=\"column-1\">ITAIP\u00c9<\/td><td class=\"column-2\">NORTE \/ JEQUITINHONHA<\/td><td class=\"column-3\">MARCONI NERY<\/td><td class=\"column-4\">(33) 3532-1060<\/td>\n<\/tr>\n<tr class=\"row-33\">\n\t<td class=\"column-1\">ITANHOMI<\/td><td class=\"column-2\">VALE DO RIO DOCE<\/td><td class=\"column-3\">ARTHUR DI CARLO<\/td><td class=\"column-4\">(33) 3231-1345<\/td>\n<\/tr>\n<tr class=\"row-34\">\n\t<td class=\"column-1\">ITAOBIM<\/td><td class=\"column-2\">NORTE \/ JEQUITINHONHA<\/td><td class=\"column-3\">FABIANO FERNANDES<\/td><td class=\"column-4\">(33) 3734-1537<\/td>\n<\/tr>\n<tr class=\"row-35\">\n\t<td class=\"column-1\">ITA\u00daNA<\/td><td class=\"column-2\">CENTRAL \/ OESTE \/ METROPOLITANA<\/td><td class=\"column-3\">GUSTAVO MITRE<\/td><td class=\"column-4\">(37) 3249-9500<\/td>\n<\/tr>\n<tr class=\"row-36\">\n\t<td class=\"column-1\">ITURAMA<\/td><td class=\"column-2\">TRI\u00c3NGULO E ALTO PARANA\u00cdBA<\/td><td class=\"column-3\">JOS\u00c9 HERCULANO PEREIRA<\/td><td class=\"column-4\">(34) 3411-9500<\/td>\n<\/tr>\n<tr class=\"row-37\">\n\t<td class=\"column-1\">JORD\u00c2NIA<\/td><td class=\"column-2\">NORTE \/ JEQUITINHONHA<\/td><td class=\"column-3\">MAXUEL BONFIM TORRES<\/td><td class=\"column-4\">(33) 3726-1510<\/td>\n<\/tr>\n<tr class=\"row-38\">\n\t<td class=\"column-1\">JOSEN\u00d3POLIS<\/td><td class=\"column-2\">NORTE DE MINAS<\/td><td class=\"column-3\">DANIEL PATRICK RIBEIRO QUEIROZ<\/td><td class=\"column-4\">(38) 3736-9142<\/td>\n<\/tr>\n<tr class=\"row-39\">\n\t<td class=\"column-1\">JURUAIA<\/td><td class=\"column-2\">SUL \/ SUDOESTE<\/td><td class=\"column-3\">CELSO MARQUES J\u00daNIOR<\/td><td class=\"column-4\">(35) 3553-1211<\/td>\n<\/tr>\n<tr class=\"row-40\">\n\t<td class=\"column-1\">LAGOA DA PRATA<\/td><td class=\"column-2\">CENTRAL \/ OESTE \/ METROPOLITANA<\/td><td class=\"column-3\">DI GIANE DE OLIVEIRA NUNES<\/td><td class=\"column-4\">(37) 3262-5300<\/td>\n<\/tr>\n<tr class=\"row-41\">\n\t<td class=\"column-1\">LARANJAL<\/td><td class=\"column-2\">ZONA DA MATA<\/td><td class=\"column-3\">FERNANDO GON\u00c7ALVES DOS SANTOS<\/td><td class=\"column-4\">(32) 3424-1387<\/td>\n<\/tr>\n<tr class=\"row-42\">\n\t<td class=\"column-1\">MANHUMIRIM<\/td><td class=\"column-2\">ZONA DA MATA<\/td><td class=\"column-3\">SERGIO BOREL CORREA<\/td><td class=\"column-4\">(33) 3341-9900<\/td>\n<\/tr>\n<tr class=\"row-43\">\n\t<td class=\"column-1\">MANTENA<\/td><td class=\"column-2\">VALE DO RIO DOCE<\/td><td class=\"column-3\">GENTIL MATA DA CRUZ<\/td><td class=\"column-4\">(33) 3241-3241<\/td>\n<\/tr>\n<tr class=\"row-44\">\n\t<td class=\"column-1\">MARIP\u00c1 DE MINAS<\/td><td class=\"column-2\">ZONA DA MATA<\/td><td class=\"column-3\">VAGNER FONSECA COSTA<\/td><td class=\"column-4\">(32) 3263-1577<\/td>\n<\/tr>\n<tr class=\"row-45\">\n\t<td class=\"column-1\">MARLI\u00c9RIA<\/td><td class=\"column-2\">VALE DO RIO DOCE<\/td><td class=\"column-3\">HAMILTON LIMA PAULA<\/td><td class=\"column-4\">(31) 3844-1277<\/td>\n<\/tr>\n<tr class=\"row-46\">\n\t<td class=\"column-1\">MATEUS LEME<\/td><td class=\"column-2\">METROPOLITANA<\/td><td class=\"column-3\">RENILTON RIBEIRO COELHO<\/td><td class=\"column-4\">(31) 3537-5824<\/td>\n<\/tr>\n<tr class=\"row-47\">\n\t<td class=\"column-1\">MATO VERDE<\/td><td class=\"column-2\">NORTE \/ JEQUITINHONHA<\/td><td class=\"column-3\">PEDRO HENRIQUE FREITAS<\/td><td class=\"column-4\">(38) 3813-1155<\/td>\n<\/tr>\n<tr class=\"row-48\">\n\t<td class=\"column-1\">MINAS NOVAS<\/td><td class=\"column-2\">JEQUITINHONHA<\/td><td class=\"column-3\">ALESSANDRO MOTA BARBOSA<\/td><td class=\"column-4\">(33) 3764-1147\u00a0<\/td>\n<\/tr>\n<tr class=\"row-49\">\n\t<td class=\"column-1\">MIRA\u00cd<\/td><td class=\"column-2\">ZONA DA MATA<\/td><td class=\"column-3\">ADAELSON DE ALMEIDA MAGALH\u00c3ES<\/td><td class=\"column-4\">(32) 3426-1288<\/td>\n<\/tr>\n<tr class=\"row-50\">\n\t<td class=\"column-1\">MUTUM<\/td><td class=\"column-2\">VALE DO RIO DOCE<\/td><td class=\"column-3\">CLAUDINEI CLEMENTE DE FREITAS<\/td><td class=\"column-4\">(33) 3312-1356<\/td>\n<\/tr>\n<tr class=\"row-51\">\n\t<td class=\"column-1\">NOVO ORIENTE DE MINAS<\/td><td class=\"column-2\">NORTE \/ JEQUITINHONHA<\/td><td class=\"column-3\">NORMANDES DA COSTA JARDIM<\/td><td class=\"column-4\">(33) 3532-8080<\/td>\n<\/tr>\n<tr class=\"row-52\">\n\t<td class=\"column-1\">OLHOS D`\u00c1GUA<\/td><td class=\"column-2\">NORTE \/ JEQUITINHONHA<\/td><td class=\"column-3\">RODRIGO OLIVEIRA - RODRIGO DO RIBEIR\u00c3O<\/td><td class=\"column-4\">(38) 3251-7121<\/td>\n<\/tr>\n<tr class=\"row-53\">\n\t<td class=\"column-1\">OURO BRANCO<\/td><td class=\"column-2\">CENTRAL \/ OESTE \/ METROPOLITANA<\/td><td class=\"column-3\">S\u00c1VIO FONTES<\/td><td class=\"column-4\">(31) 3938-1000<\/td>\n<\/tr>\n<tr class=\"row-54\">\n\t<td class=\"column-1\">PARAIS\u00d3POLIS<\/td><td class=\"column-2\">SUL E SUDOESTE DE MINAS<\/td><td class=\"column-3\">EVERTON DE ASSIS FERREIRA<\/td><td class=\"column-4\">(35) 3651-1500<\/td>\n<\/tr>\n<tr class=\"row-55\">\n\t<td class=\"column-1\">PASSA TEMPO<\/td><td class=\"column-2\">CENTRAL \/ OESTE \/ METROPOLITANA<\/td><td class=\"column-3\">JUSCELINO ROCHA <\/td><td class=\"column-4\">(37) 3335-1103<\/td>\n<\/tr>\n<tr class=\"row-56\">\n\t<td class=\"column-1\">PEDRA AZUL<\/td><td class=\"column-2\">JEQUITINHONHA<\/td><td class=\"column-3\">M\u00c1RCIO FERREIRA SOUTO<\/td><td class=\"column-4\">(33) 3751-1047<\/td>\n<\/tr>\n<tr class=\"row-57\">\n\t<td class=\"column-1\">PESCADOR<\/td><td class=\"column-2\">VALE DO RIO DOCE<\/td><td class=\"column-3\">GERALDO ANAST\u00c1CIO JARDIM<\/td><td class=\"column-4\">(33) 3583-1600<\/td>\n<\/tr>\n<tr class=\"row-58\">\n\t<td class=\"column-1\">PLANURA<\/td><td class=\"column-2\">TRI\u00c2NGULO E ALTO PARANA\u00cdBA<\/td><td class=\"column-3\">ANTONIO LUIZ BOTELHO<\/td><td class=\"column-4\">(34) 3427-7000<\/td>\n<\/tr>\n<tr class=\"row-59\">\n\t<td class=\"column-1\">POCRANE<\/td><td class=\"column-2\">VALE DO RIO DOCE<\/td><td class=\"column-3\">EDERSON DOMINGOS DIONIS<\/td><td class=\"column-4\">0800 033 2020<\/td>\n<\/tr>\n<tr class=\"row-60\">\n\t<td class=\"column-1\">POUSO ALEGRE<\/td><td class=\"column-2\">SUL \/ SUDOESTE<\/td><td class=\"column-3\">DIMAS DA SILVA FONSECA<\/td><td class=\"column-4\">(35) 3449-4000<\/td>\n<\/tr>\n<tr class=\"row-61\">\n\t<td class=\"column-1\">PRESIDENTE BERNARDES<\/td><td class=\"column-2\">ZONA DA MATA <\/td><td class=\"column-3\">JAZON AROLDO ALMEIDA<\/td><td class=\"column-4\">(32) 3538-1136<\/td>\n<\/tr>\n<tr class=\"row-62\">\n\t<td class=\"column-1\">PRESIDENTE OLEG\u00c1RIO<\/td><td class=\"column-2\">TRI\u00c2NGULO E ALTO PARANA\u00cdBA<\/td><td class=\"column-3\">RHENYS CAMBRAIA<\/td><td class=\"column-4\">(33) 3811-1233<\/td>\n<\/tr>\n<tr class=\"row-63\">\n\t<td class=\"column-1\">RIO NOVO<\/td><td class=\"column-2\">ZONA DA MATA<\/td><td class=\"column-3\">GUILHERME SOUZA NOGUEIRA<\/td><td class=\"column-4\">(32) 3274-1228<\/td>\n<\/tr>\n<tr class=\"row-64\">\n\t<td class=\"column-1\">ROCHEDO DE MINAS<\/td><td class=\"column-2\">ZONA DA MATA<\/td><td class=\"column-3\">CRISTIANO CORREA COLETTA<\/td><td class=\"column-4\">(32) 3262-1222<\/td>\n<\/tr>\n<tr class=\"row-65\">\n\t<td class=\"column-1\">RUBELITA<\/td><td class=\"column-2\">NORTE \/ JEQUITINHONHA<\/td><td class=\"column-3\">MEIRINHA MIRANDA<\/td><td class=\"column-4\">(38) 3843-1102<\/td>\n<\/tr>\n<tr class=\"row-66\">\n\t<td class=\"column-1\">RUBIM<\/td><td class=\"column-2\">NORTE \/ JEQUITINHONHA<\/td><td class=\"column-3\">NELMAR DE ARA\u00daJO FILHO<\/td><td class=\"column-4\">(33) 3746-1152<\/td>\n<\/tr>\n<tr class=\"row-67\">\n\t<td class=\"column-1\">SABAR\u00c1<\/td><td class=\"column-2\">CENTRAL \/ OESTE \/ METROPOLITANA<\/td><td class=\"column-3\">SARGENTO RODOLFO TADEU DA SILVA<\/td><td class=\"column-4\">(31) 3672-7672<\/td>\n<\/tr>\n<tr class=\"row-68\">\n\t<td class=\"column-1\">SALTO DA DIVISA<\/td><td class=\"column-2\">NORTE \/ JEQUITINHONHA<\/td><td class=\"column-3\">RONALDO ATA\u00cdDE PEIXOTO<\/td><td class=\"column-4\">(33) 3725-1110<\/td>\n<\/tr>\n<tr class=\"row-69\">\n\t<td class=\"column-1\">SANTA RITA DE MINAS<\/td><td class=\"column-2\">VALE DO RIO DOCE<\/td><td class=\"column-3\">Z\u00c2NIA FARIA SILVA<\/td><td class=\"column-4\">(33) 3326-6000<\/td>\n<\/tr>\n<tr class=\"row-70\">\n\t<td class=\"column-1\">SANTA RITA DO ITUETO<\/td><td class=\"column-2\">VALE DO RIO DOCE<\/td><td class=\"column-3\">ODENIR RAPOSO<\/td><td class=\"column-4\">(33) 3265-1139<\/td>\n<\/tr>\n<tr class=\"row-71\">\n\t<td class=\"column-1\">SANTANA DO RIACHO<\/td><td class=\"column-2\">CENTRAL \/ OESTE \/ METROPOLITANA<\/td><td class=\"column-3\">FERNANDO RIBEIRO BURGARELLI<\/td><td class=\"column-4\">(31) 3718-6104<\/td>\n<\/tr>\n<tr class=\"row-72\">\n\t<td class=\"column-1\">S\u00c3O BR\u00c1S DO SUA\u00c7U\u00cd<\/td><td class=\"column-2\">METROPOLITANA<\/td><td class=\"column-3\">GERALDINO PACHECO DE OLIVEIRA FILHO<\/td><td class=\"column-4\">(31) 3738-1570<\/td>\n<\/tr>\n<tr class=\"row-73\">\n\t<td class=\"column-1\">S\u00c3O FRANCISCO DE SALES<\/td><td class=\"column-2\">TRI\u00c2NGULO MINEIRO E ALTO PARANA\u00cdBA<\/td><td class=\"column-3\">GILMAR APARECIDO LEONEL SOUTO<\/td><td class=\"column-4\">(34) 3413-8000<\/td>\n<\/tr>\n<tr class=\"row-74\">\n\t<td class=\"column-1\">S\u00c3O GERALDO DO BAIXIO<\/td><td class=\"column-2\">VALE DO RIO DOCE<\/td><td class=\"column-3\">JULIANO PHILIPE SERAFIM SOARES<\/td><td class=\"column-4\">(33) 3244-8010<\/td>\n<\/tr>\n<tr class=\"row-75\">\n\t<td class=\"column-1\">S\u00c3O JO\u00c3O DAS MISS\u00d5ES<\/td><td class=\"column-2\">NORTE DE MINAS<\/td><td class=\"column-3\">JAIR CAVALCANTE BARBOSA - JAIR XAKRIAB\u00c1<\/td><td class=\"column-4\">(38) 3613-8146<\/td>\n<\/tr>\n<tr class=\"row-76\">\n\t<td class=\"column-1\">S\u00c3O JOS\u00c9 DA BARRA<\/td><td class=\"column-2\">SUL \/ SUDOESTE<\/td><td class=\"column-3\">MARCELO RODRIGUES DA SILVA<\/td><td class=\"column-4\">(35) 3523-9200<\/td>\n<\/tr>\n<tr class=\"row-77\">\n\t<td class=\"column-1\">S\u00c3O JOS\u00c9 DO DIVINO<\/td><td class=\"column-2\">VALE DO RIO DOCE<\/td><td class=\"column-3\">GERALDO GUEDES RODRIGUES<\/td><td class=\"column-4\">(33) 3582-1114<\/td>\n<\/tr>\n<tr class=\"row-78\">\n\t<td class=\"column-1\">S\u00c3O SEBASTI\u00c3O DO OESTE<\/td><td class=\"column-2\">CENTRAL \/ OESTE \/ METROPOLITANA<\/td><td class=\"column-3\">R\u00d4MULO BEIRIGO<\/td><td class=\"column-4\">(37) 3286-1173<\/td>\n<\/tr>\n<tr class=\"row-79\">\n\t<td class=\"column-1\">SENHORA DO PORTO<\/td><td class=\"column-2\">VALE DO RIO DOCE<\/td><td class=\"column-3\">SEBASTI\u00c3O AUGUSTO FILHO - DEZINHO<\/td><td class=\"column-4\">(33) 3424-1250<\/td>\n<\/tr>\n<tr class=\"row-80\">\n\t<td class=\"column-1\">TABULEIRO<\/td><td class=\"column-2\">ZONA DA MATA<\/td><td class=\"column-3\">AILTON S\u00c9RGIO FERRAZ<\/td><td class=\"column-4\">(32) 3253-1117<\/td>\n<\/tr>\n<tr class=\"row-81\">\n\t<td class=\"column-1\">TIM\u00d3TEO<\/td><td class=\"column-2\">VALE DO RIO DOCE<\/td><td class=\"column-3\">VITOR VICENTE PRADO<\/td><td class=\"column-4\">(31) 3847-4700<\/td>\n<\/tr>\n<tr class=\"row-82\">\n\t<td class=\"column-1\">TR\u00caS MARIAS<\/td><td class=\"column-2\">CENTRAL \/ OESTE \/ METROPOLITANA<\/td><td class=\"column-3\">DANILO BARBOSA REZENDE<\/td><td class=\"column-4\">(38) 3754-5200<\/td>\n<\/tr>\n<tr class=\"row-83\">\n\t<td class=\"column-1\">VIRGIN\u00d3POLIS<\/td><td class=\"column-2\">VALE DO RIO DOCE<\/td><td class=\"column-3\">JOSU\u00c9 ARRUDA DOS SANTOS GARAJAU<\/td><td class=\"column-4\">(33) 3416-1220<\/td>\n<\/tr>\n<tr class=\"row-84\">\n\t<td class=\"column-1\">VISCONDE DO RIO BRANCO<\/td><td class=\"column-2\">ZONA DA MATA<\/td><td class=\"column-3\">LUIZ F\u00c1BIO ANTONUCCI<\/td><td class=\"column-4\">(32) 3551-8150<\/td>\n<\/tr>\n<\/tbody>\n<\/table>\n<!-- #tablepress-28 from cache -->\n","protected":false},"excerpt":{"rendered":"MUNIC\u00cdPIOREGI\u00c3OPREFEITO(A)CONTATO PREFEITURA A\u00c7UCENAVALE DO RIO DOCERAULISSON MORAIS - NEM DO DUTA(32) 3298-1520 ALTO JEQUITIB\u00c1ZONA DA MATADANIEL GUIMAR\u00c3ES(33) 3343-1268 ARAGUARITRI\u00c2NGULO E<span class=\"excerpt-hellip\"> [\u2026]<\/span>","protected":false},"author":1,"featured_media":0,"parent":0,"menu_order":0,"comment_status":"closed","ping_status":"closed","template":"","meta":{"footnotes":""},"class_list":["post-6055","page","type-page","status-publish","hentry"],"_links":{"self":[{"href":"https:\/\/republicanos10mg.org.br\/site\/wp-json\/wp\/v2\/pages\/6055","targetHints":{"allow":["GET"]}}],"collection":[{"href":"https:\/\/republicanos10mg.org.br\/site\/wp-json\/wp\/v2\/pages"}],"about":[{"href":"https:\/\/republicanos10mg.org.br\/site\/wp-json\/wp\/v2\/types\/page"}],"author":[{"embeddable":true,"href":"https:\/\/republicanos10mg.org.br\/site\/wp-json\/wp\/v2\/users\/1"}],"replies":[{"embeddable":true,"href":"https:\/\/republicanos10mg.org.br\/site\/wp-json\/wp\/v2\/comments?post=6055"}],"version-history":[{"count":2,"href":"https:\/\/republicanos10mg.org.br\/site\/wp-json\/wp\/v2\/pages\/6055\/revisions"}],"predecessor-version":[{"id":10583,"href":"https:\/\/republicanos10mg.org.br\/site\/wp-json\/wp\/v2\/pages\/6055\/revisions\/10583"}],"wp:attachment":[{"href":"https:\/\/republicanos10mg.org.br\/site\/wp-json\/wp\/v2\/media?parent=6055"}],"curies":[{"name":"wp","href":"https:\/\/api.w.org\/{rel}","templated":true}]}}