{"id":2,"date":"2014-12-29T12:23:42","date_gmt":"2014-12-29T12:23:42","guid":{"rendered":"http:\/\/themes.muffingroup.com\/be\/politics\/?page_id=2"},"modified":"2024-04-30T14:21:32","modified_gmt":"2024-04-30T14:21:32","slug":"home","status":"publish","type":"page","link":"https:\/\/republicanos10mg.org.br\/site\/","title":{"rendered":"Republicanos MG"},"content":{"rendered":"<p style=\"text-align: center;\"><strong>SOBRE O REPUBLICANOS MG<\/strong><\/p>\n<p style=\"text-align: justify;\">O\u00a0<a href=\"https:\/\/republicanos10mg.org.br\/site\/historia-2\/\"><strong>Republicanos Minas Gerais<\/strong><\/a>\u00a0\u00e9 um movimento pol\u00edtico conservador, fundamentado nos valores crist\u00e3os, tendo a fam\u00edlia como alicerce da sociedade, preservando a soberania nacional, a livre iniciativa e a liberdade econ\u00f4mica, encorajando o progresso tecnol\u00f3gico como caminho inevit\u00e1vel para o desenvolvimento humano.<\/p>\n<p>O partido inicialmente chamado de Partido Municipalista Renovador (PMR) mudou para Partido Republicano Brasileiro (PRB) por sugest\u00e3o de Jos\u00e9 Alencar. Em 2019, o partido passou a se chamar Republicanos ap\u00f3s uma mudan\u00e7a abrangente, alinhada \u00e0 evolu\u00e7\u00e3o e moderniza\u00e7\u00e3o da sociedade. A mudan\u00e7a foi homologada na Conven\u00e7\u00e3o Nacional realizada em 7 de maio de 2019. Al\u00e9m disso, o Republicanos \u00e9 o \u00fanico partido brasileiro a ter uma faculdade autorizada pelo Minist\u00e9rio da Educa\u00e7\u00e3o, atrav\u00e9s da Funda\u00e7\u00e3o Republicana Brasileira (FRB).<\/p>\n<p style=\"text-align: justify;\">Al\u00e9m disso, o\u00a0<strong>Republicanos<\/strong>\u00a0inaugurou uma\u00a0<a href=\"https:\/\/republicanos10.org.br\/noticias\/nova-sede-nacional-do-prb-conta-com-quase-6-mil-m%c2%b2\/\" rel=\"noopener noreferrer\" target=\"_blank\">nova e moderna sede nacional<\/a>, em Bras\u00edlia, com mais de 6 mil m\u00b2. O novo pr\u00e9dio, com seis andares, abriga tamb\u00e9m as instala\u00e7\u00f5es da Funda\u00e7\u00e3o Republicana Brasileira (FRB), Faculdade Republicana, Mulheres Republicanas, Jovens Republicanos e o Republicanos DF.<\/p>\n<p style=\"text-align: justify;\">Dos partidos criados at\u00e9 2006, os dados sobre o n\u00famero de filiados, divulgados pelo Tribunal Superior Eleitoral (TSE), comprovam que o\u00a0<strong>Republicanos<\/strong>\u00a0foi o partido que mais cresceu percentualmente nos \u00faltimos 13 anos. A sigla saiu de 3.764 filia\u00e7\u00f5es em 2006 e saltou para 487.780 em janeiro de 2021.<\/p>\n<p style=\"text-align: justify;\">O\u00a0<strong>Republicanos MG<\/strong>\u00a0demonstrou, assim, sua for\u00e7a e sua capacidade de representar os interesses e as demandas da sociedade brasileira. O partido se consolidou como uma das principais for\u00e7as pol\u00edticas do pa\u00eds, com uma bancada expressiva e diversificada no Congresso Nacional e com uma gest\u00e3o eficiente e inovadora nos estados e munic\u00edpios.<\/p>\n<p>O partido Republicanos MG \u00e9 reconhecido por sua atua\u00e7\u00e3o pol\u00edtica s\u00f3lida e representativa. Consolidou-se como uma for\u00e7a significativa no cen\u00e1rio nacional, destacando-se por uma bancada diversificada e expressiva no Congresso Nacional. Sua gest\u00e3o eficiente e inovadora nos estados e munic\u00edpios refor\u00e7a seu papel como um dos principais atores pol\u00edticos do Brasil, atendendo aos interesses e demandas da sociedade brasileira.<\/p>\n<p style=\"text-align: justify;\">\n","protected":false},"excerpt":{"rendered":"<p>Pelo portal Republicanos Minas Gerais \u00e9 poss\u00edvel conhecer a hist\u00f3ria e as atividades do partido no estado. Acesse e saiba mais, bem-vindo ao Republicanos MG!<\/p>\n","protected":false},"author":1,"featured_media":8957,"parent":0,"menu_order":0,"comment_status":"open","ping_status":"open","template":"","meta":{"footnotes":""},"class_list":["post-2","page","type-page","status-publish","has-post-thumbnail","hentry"],"_links":{"self":[{"href":"https:\/\/republicanos10mg.org.br\/site\/wp-json\/wp\/v2\/pages\/2","targetHints":{"allow":["GET"]}}],"collection":[{"href":"https:\/\/republicanos10mg.org.br\/site\/wp-json\/wp\/v2\/pages"}],"about":[{"href":"https:\/\/republicanos10mg.org.br\/site\/wp-json\/wp\/v2\/types\/page"}],"author":[{"embeddable":true,"href":"https:\/\/republicanos10mg.org.br\/site\/wp-json\/wp\/v2\/users\/1"}],"replies":[{"embeddable":true,"href":"https:\/\/republicanos10mg.org.br\/site\/wp-json\/wp\/v2\/comments?post=2"}],"version-history":[{"count":5,"href":"https:\/\/republicanos10mg.org.br\/site\/wp-json\/wp\/v2\/pages\/2\/revisions"}],"predecessor-version":[{"id":10260,"href":"https:\/\/republicanos10mg.org.br\/site\/wp-json\/wp\/v2\/pages\/2\/revisions\/10260"}],"wp:featuredmedia":[{"embeddable":true,"href":"https:\/\/republicanos10mg.org.br\/site\/wp-json\/wp\/v2\/media\/8957"}],"wp:attachment":[{"href":"https:\/\/republicanos10mg.org.br\/site\/wp-json\/wp\/v2\/media?parent=2"}],"curies":[{"name":"wp","href":"https:\/\/api.w.org\/{rel}","templated":true}]}}